{"id":2244,"date":"2025-11-16T09:10:38","date_gmt":"2025-11-16T09:10:38","guid":{"rendered":"https:\/\/diamondcostcalculator.co.uk\/product\/game-vfx-artist-services-madrid-15000-50000-quality-guaranteed\/"},"modified":"2025-11-16T09:33:03","modified_gmt":"2025-11-16T09:33:03","slug":"game-vfx-artist-services-madrid-15000-50000-quality-guaranteed","status":"publish","type":"product","link":"https:\/\/diamondcostcalculator.co.uk\/es\/product\/game-vfx-artist-services-madrid-15000-50000-quality-guaranteed\/","title":{"rendered":"Game Vfx Artist Services Madrid &#8211; $15,000-$50,000 | Quality Guaranteed"},"content":{"rendered":"<h2><b>El modelo de equipo dedicado: Contrataci\u00f3n de programadores y desarrolladores de juegos remotos<\/b><\/h2>\n<p>\u00a0<\/p>\n<p data-path-to-node=\"20\">\u00a0<\/p>\n<h3><b>Introducci\u00f3n: M\u00e1s all\u00e1 de la externalizaci\u00f3n: el talento como servicio<\/b><\/h3>\n<p>\u00a0<\/p>\n<p data-path-to-node=\"21\">En el r\u00e1pido y arriesgado entorno del desarrollo de juegos, el mayor cuello de botella para escalar no es el capital o la visi\u00f3n, es <b>acceso a ingenieros especializados de \u00e9lite<\/b>. La demanda de personal directivo <code>Desarrollo de juegos Unity3D<\/code> programadores, ingenieros experimentados en Unreal C++ y <code>Desarrolladores de juegos a distancia<\/code> que entienden la pila completa ha superado con creces el mercado de contrataci\u00f3n tradicional. Esto ha obligado a los estudios a adoptar una posici\u00f3n dif\u00edcil: pausar el desarrollo mientras se dedican 6 meses a la contrataci\u00f3n, o arriesgarse a entregar el proyecto a una empresa tradicional. <code>estudio de subcontrataci\u00f3n de juegos<\/code> que utiliza un modelo de \u201ccaja negra\u201d, sacrificando el control, la comunicaci\u00f3n y la calidad del c\u00f3digo.<\/p>\n<p data-path-to-node=\"22\">Nuestra empresa ofrece una soluci\u00f3n superior y moderna: <b>Talento como servicio (TaaS)<\/b>. No somos una <code>externalizaci\u00f3n de juegos<\/code> \u201ccasa de proyectos\u201d. Somos un proveedor de primera l\u00ednea de programadores de juegos de \u00e9lite, preevaluados y con autorizaci\u00f3n de seguridad, que le ofrecemos a trav\u00e9s de nuestros dos modelos de firma: <b>Aumento de personal<\/b> y <b>Equipos de juego dedicados<\/b>. Este servicio est\u00e1 dise\u00f1ado para estudios que desean la rentabilidad y escalabilidad de la externalizaci\u00f3n. <i>sin<\/i> sacrificando la calidad, transparencia e integraci\u00f3n de un equipo interno. En este documento se detallan nuestras ofertas de servicios, nuestra profunda reserva de talento y nuestros transparentes paquetes de precios para la contrataci\u00f3n <code>Programadores de juegos<\/code>.<\/p>\n<hr data-path-to-node=\"23\" \/>\n<p data-path-to-node=\"24\">\u00a0<\/p>\n<h3><b>La filosof\u00eda del \u201cequipo dedicado\u201d: Su equipo, su canal<\/b><\/h3>\n<p>\u00a0<\/p>\n<p data-path-to-node=\"25\">Nuestro modelo se basa en una premisa sencilla: el mejor trabajo surge de la colaboraci\u00f3n directa. A diferencia de la subcontrataci\u00f3n de \u201cproyectos\u201d, no tomamos sus requisitos y desaparecemos durante dos meses. En lugar de eso, ponemos a su disposici\u00f3n uno o varios desarrolladores dedicados a tiempo completo que son 100% suyos.<\/p>\n<ul data-path-to-node=\"26\">\n<li>\n<p data-path-to-node=\"26,0,0\"><b>Integraci\u00f3n completa:<\/b> Nuestros desarrolladores se a\u00f1aden directamente a su Slack, su Jira, sus reuniones diarias y su control de c\u00f3digo fuente (Git\/Perforce). Trabajan las mismas horas que su equipo. Son, a todos los efectos, <i>su<\/i> empleado.<\/p>\n<\/li>\n<li>\n<p data-path-to-node=\"26,1,0\"><b>Gesti\u00f3n directa:<\/b> Usted (o su desarrollador\/productor jefe) los gestiona directamente. Les asignas tareas, revisas su c\u00f3digo y orientas su trabajo. Esto elimina el \u201cjuego telef\u00f3nico\u201d de comunicarse a trav\u00e9s de un gestor intermedio.<\/p>\n<\/li>\n<li>\n<p data-path-to-node=\"26,2,0\"><b>Transparencia total:<\/b> Puedes ver sus commits en tiempo real. Tendr\u00e1s una visibilidad 100% de su trabajo, su progreso y su calidad. El c\u00f3digo que escriben se env\u00eda directamente a <i>su<\/i> repositorio, siguiendo <i>su<\/i> normas de codificaci\u00f3n.<\/p>\n<\/li>\n<li>\n<p data-path-to-node=\"26,3,0\"><b>Seguridad IP:<\/b> Todos los desarrolladores est\u00e1n sujetos a nuestros estrictos acuerdos de confidencialidad y de \u201ctrabajo por encargo\u201d. Toda la propiedad intelectual es 100% suya, creada en nuestro hardware seguro y gestionado, con firewall y monitorizado.<\/p>\n<\/li>\n<\/ul>\n<hr data-path-to-node=\"27\" \/>\n<p data-path-to-node=\"28\">\u00a0<\/p>\n<h3><b>Nuestros talentos y especializaciones<\/b><\/h3>\n<p>\u00a0<\/p>\n<p data-path-to-node=\"29\">Somos uno de los principales <code>empresas de subcontrataci\u00f3n de desarrollo de juegos<\/code> porque nuestro \u201cproducto\u201d es nuestro talento. Tenemos una tasa de aceptaci\u00f3n &lt;5% para nuestros ingenieros, todos los cuales superan un riguroso proceso de selecci\u00f3n de 5 fases (habilidades interpersonales, entrevista t\u00e9cnica, desaf\u00edo de c\u00f3digo en vivo y examen de seguridad). Nuestro grupo de talentos cuenta con profundos conocimientos especializados en:<\/p>\n<ul data-path-to-node=\"30\">\n<li>\n<p data-path-to-node=\"30,0,0\"><b>Programaci\u00f3n del motor:<\/b> <code>Desarrollo de juegos Unity3D<\/code> (C#), <code>Desarrollo de juegos Unreal<\/code> (C++).<\/p>\n<\/li>\n<li>\n<p data-path-to-node=\"30,1,0\"><b>Desarrollo de plataformas:<\/b> <code>Desarrollo de juegos para PC<\/code> (Steam\/Epic), <code>Desarrollo de juegos para consola<\/code> (PS5, Xbox, Switch), y <code>Desarrollo de juegos para m\u00f3viles<\/code> (iOS\/Android).<\/p>\n<\/li>\n<li>\n<p data-path-to-node=\"30,2,0\"><b>Sistemas de juego:<\/b> IA, F\u00edsica, Combate, Core Loops y <code>Desarrollo de juegos RPG<\/code> mec\u00e1nica.<\/p>\n<\/li>\n<li>\n<p data-path-to-node=\"30,3,0\"><b>Ingenier\u00eda avanzada:<\/b> Multijugador\/redes, servicios backend, optimizaci\u00f3n y especializados <code>Desarrollo de juegos Web3<\/code> (Integraci\u00f3n de Blockchain\/NFT).<\/p>\n<\/li>\n<\/ul>\n<hr data-path-to-node=\"31\" \/>\n<p data-path-to-node=\"32\">\u00a0<\/p>\n<h3><b>Modelos de compromiso y paquetes de precios<\/b><\/h3>\n<p>\u00a0<\/p>\n<p data-path-to-node=\"33\">Ofrecemos paquetes de precios transparentes y flexibles dise\u00f1ados para adaptarse a sus necesidades espec\u00edficas de contrataci\u00f3n. Todos los paquetes se facturan como una tarifa plana mensual por desarrollador, que incluye salario, prestaciones, impuestos, hardware, licencias de software y nuestros gastos generales de gesti\u00f3n.<\/p>\n<p data-path-to-node=\"34\">\u00a0<\/p>\n<h4><b>Modelo 1: Aumento de personal (contrataci\u00f3n individual)<\/b><\/h4>\n<p>\u00a0<\/p>\n<p data-path-to-node=\"35\">Este modelo es talento \u201ca la carta\u201d, perfecto para cubrir una carencia espec\u00edfica de habilidades en su equipo actual o acelerar una vertical clave.<\/p>\n<ul data-path-to-node=\"36\">\n<li>\n<p data-path-to-node=\"36,0,0\"><b>Paquete A: Desarrollador de nivel medio (3-5+ a\u00f1os de experiencia)<\/b><\/p>\n<ul data-path-to-node=\"36,0,1\">\n<li>\n<p data-path-to-node=\"36,0,1,0,0\"><b>Enfoque:<\/b> El \u201ccaballo de batalla\u201d de su equipo. Ideal para funciones de juego, implementaci\u00f3n de IU y desarrollo general en C#\/C++.<\/p>\n<\/li>\n<li>\n<p data-path-to-node=\"36,0,1,1,0\"><b>Experiencia:<\/b> Fuerte en un motor (Unity o Unreal), sistemas generales de juego, correcci\u00f3n de errores.<\/p>\n<\/li>\n<li>\n<p data-path-to-node=\"36,0,1,2,0\"><b>Precio:<\/b> <b>$7.500 - $9.500 USD \/ mes<\/b> (por promotor)<\/p>\n<\/li>\n<\/ul>\n<\/li>\n<li>\n<p data-path-to-node=\"36,1,0\"><b>Paquete B: Desarrollador Senior (6-10+ a\u00f1os de experiencia)<\/b><\/p>\n<ul data-path-to-node=\"36,1,1\">\n<li>\n<p data-path-to-node=\"36,1,1,0,0\"><b>Enfoque:<\/b> El \u201csolucionador de problemas\u201d. Puede dise\u00f1ar nuevos sistemas desde cero, orientar a desarrolladores junior y abordar tareas complejas de optimizaci\u00f3n o IA.<\/p>\n<\/li>\n<li>\n<p data-path-to-node=\"36,1,1,1,0\"><b>Experiencia:<\/b> Dominio profundo de un motor, arquitectura avanzada de sistemas, IA, redes, optimizaci\u00f3n, shaders.<\/p>\n<\/li>\n<li>\n<p data-path-to-node=\"36,1,1,2,0\"><b>Precio:<\/b> <b>$9.500 - $13.000 USD \/ mes<\/b> (por promotor)<\/p>\n<\/li>\n<\/ul>\n<\/li>\n<li>\n<p data-path-to-node=\"36,2,0\"><b>Paquete C: Especialista \/ Ingeniero principal (m\u00e1s de 10 a\u00f1os de experiencia)<\/b><\/p>\n<ul data-path-to-node=\"36,2,1\">\n<li>\n<p data-path-to-node=\"36,2,1,0,0\"><b>Enfoque:<\/b> El \u201cunicornio\u201d. Un experto de \u00e9lite en un campo muy especializado y demandado.<\/p>\n<\/li>\n<li>\n<p data-path-to-node=\"36,2,1,1,0\"><b>Experiencia:<\/b> Programaci\u00f3n de gr\u00e1ficos (Render Pipeline), redes avanzadas (arquitectura de servidores, CCU de gran volumen), <code>Desarrollo de juegos Blockchain<\/code> (Contratos inteligentes, seguridad), o <code>Desarrollo de juegos para consola<\/code> (optimizaci\u00f3n TRC\/TCR).<\/p>\n<\/li>\n<li>\n<p data-path-to-node=\"36,2,1,2,0\"><b>Precio:<\/b> <b>$13.000 - $18.000+ USD \/ mes<\/b> (por promotor, seg\u00fan especialidad)<\/p>\n<\/li>\n<\/ul>\n<\/li>\n<\/ul>\n<hr data-path-to-node=\"37\" \/>\n<p data-path-to-node=\"38\">\u00a0<\/p>\n<h4><b>Modelo 2: Equipos de juego dedicados (Pods gestionados)<\/b><\/h4>\n<p>\u00a0<\/p>\n<p data-path-to-node=\"39\">Este modelo es una soluci\u00f3n \u201cllave en mano\u201d. Proporcionamos un \u201cgrupo\u201d de desarrolladores preempaquetado, multidisciplinar y totalmente gestionado para que se hagan cargo de toda una funci\u00f3n, vertical o incluso de un proyecto completo de codesarrollo. El grupo est\u00e1 gestionado por nuestro jefe interno, que depende directamente de usted.<\/p>\n<ul data-path-to-node=\"40\">\n<li>\n<p data-path-to-node=\"40,0,0\"><b>Paquete A: El \u201cEquipo de asalto de caracter\u00edsticas\u201d<\/b><\/p>\n<ul data-path-to-node=\"40,0,1\">\n<li>\n<p data-path-to-node=\"40,0,1,0,0\"><b>Lo mejor para:<\/b> Construir una vertical de juego completa y compleja (por ejemplo, \u201cTodo el sistema de inventario, artesan\u00eda y misiones\u201d).<\/p>\n<\/li>\n<li>\n<p data-path-to-node=\"40,0,1,1,0\"><b>Composici\u00f3n del equipo:<\/b><\/p>\n<ul data-path-to-node=\"40,0,1,1,1\">\n<li>\n<p data-path-to-node=\"40,0,1,1,1,0,0\">1 x Desarrollador principal senior (act\u00faa como POC principal)<\/p>\n<\/li>\n<li>\n<p data-path-to-node=\"40,0,1,1,1,1,0\">2 x Desarrolladores de nivel medio<\/p>\n<\/li>\n<li>\n<p data-path-to-node=\"40,0,1,1,1,2,0\">1 x Desarrollador Junior<\/p>\n<\/li>\n<li>\n<p data-path-to-node=\"40,0,1,1,1,3,0\">1 ingeniero de control de calidad dedicado<\/p>\n<\/li>\n<\/ul>\n<\/li>\n<li>\n<p data-path-to-node=\"40,0,1,2,0\"><b>Precio:<\/b> <b>$28.000 - $35.000 USD \/ mes<\/b> (para toda la c\u00e1psula de 5 personas)<\/p>\n<\/li>\n<\/ul>\n<\/li>\n<li>\n<p data-path-to-node=\"40,1,0\"><b>Paquete B: \u201cEscuadr\u00f3n de codesarrollo\u201d<\/b><\/p>\n<ul data-path-to-node=\"40,1,1\">\n<li>\n<p data-path-to-node=\"40,1,1,0,0\"><b>Lo mejor para:<\/b> Completo <code>Externalizaci\u00f3n del desarrollo de juegos<\/code>. Este equipo puede construir un juego entero o una <code>Juego Battle Royale<\/code> modo desde cero, en colaboraci\u00f3n con su equipo creativo principal.<\/p>\n<\/li>\n<li>\n<p data-path-to-node=\"40,1,1,1,0\"><b>Composici\u00f3n del equipo:<\/b><\/p>\n<ul data-path-to-node=\"40,1,1,1,1\">\n<li>\n<p data-path-to-node=\"40,1,1,1,1,0,0\">1 x Arquitecto Principal \/ L\u00edder (gestiona el pod)<\/p>\n<\/li>\n<li>\n<p data-path-to-node=\"40,1,1,1,1,1,0\">2 x Desarrolladores Senior (por ejemplo, 1x Sistemas, 1x IA\/Red)<\/p>\n<\/li>\n<li>\n<p data-path-to-node=\"40,1,1,1,1,2,0\">3 x Desarrolladores de nivel medio<\/p>\n<\/li>\n<li>\n<p data-path-to-node=\"40,1,1,1,1,3,0\">1 x <code>Juego UI\/UX<\/code> Implementador<\/p>\n<\/li>\n<li>\n<p data-path-to-node=\"40,1,1,1,1,4,0\">2 ingenieros especializados en control de calidad<\/p>\n<\/li>\n<\/ul>\n<\/li>\n<li>\n<p data-path-to-node=\"40,1,1,2,0\"><b>Precio:<\/b> <b>$55.000 - $70.000 USD \/ mes<\/b> (para todo el grupo de 9 personas)<\/p>\n<\/li>\n<\/ul>\n<\/li>\n<\/ul>\n<p data-path-to-node=\"41\">\u00a0<\/p>\n<h3><b>Conclusi\u00f3n: Escalar con inteligencia, escalar con rapidez<\/b><\/h3>\n<p>\u00a0<\/p>\n<p data-path-to-node=\"42\">Deje de permitir que el cuello de botella de la contrataci\u00f3n frene su visi\u00f3n. Deje de arriesgar su propiedad intelectual con la externalizaci\u00f3n de \u201ccaja negra\u201d. Nuestra <code>Equipos de juego dedicados<\/code> le proporciona la potencia de ingenier\u00eda de primera clase, integrada y escalable que necesita, exactamente cuando la necesita. Nosotros nos encargamos de la contrataci\u00f3n, la log\u00edstica y la seguridad, para que t\u00fa puedas centrarte en una cosa: crear un gran juego.<\/p>\n<p data-path-to-node=\"43\">P\u00f3ngase en contacto con nuestro equipo de soluciones hoy mismo para obtener un presupuesto personalizado y revisar las carteras de nuestros productos disponibles <code>Desarrolladores de juegos a distancia<\/code>.<\/p>","protected":false},"excerpt":{"rendered":"<p>The Dedicated Team Model: Hiring Remote Game Developers &amp; Programmers \u00a0 \u00a0 Introduction: Beyond Outsourcing \u2013 Talent as a Service [&hellip;]<\/p>","protected":false},"featured_media":15,"comment_status":"open","ping_status":"closed","template":"","meta":{"site-sidebar-layout":"default","site-content-layout":"","ast-site-content-layout":"default","site-content-style":"default","site-sidebar-style":"default","ast-global-header-display":"","ast-banner-title-visibility":"","ast-main-header-display":"","ast-hfb-above-header-display":"","ast-hfb-below-header-display":"","ast-hfb-mobile-header-display":"","site-post-title":"","ast-breadcrumbs-content":"","ast-featured-img":"","footer-sml-layout":"","ast-disable-related-posts":"","theme-transparent-header-meta":"","adv-header-id-meta":"","stick-header-meta":"","header-above-stick-meta":"","header-main-stick-meta":"","header-below-stick-meta":"","astra-migrate-meta-layouts":"default","ast-page-background-enabled":"default","ast-page-background-meta":{"desktop":{"background-color":"var(--ast-global-color-5)","background-image":"","background-repeat":"repeat","background-position":"center center","background-size":"auto","background-attachment":"scroll","background-type":"","background-media":"","overlay-type":"","overlay-color":"","overlay-opacity":"","overlay-gradient":""},"tablet":{"background-color":"","background-image":"","background-repeat":"repeat","background-position":"center center","background-size":"auto","background-attachment":"scroll","background-type":"","background-media":"","overlay-type":"","overlay-color":"","overlay-opacity":"","overlay-gradient":""},"mobile":{"background-color":"","background-image":"","background-repeat":"repeat","background-position":"center center","background-size":"auto","background-attachment":"scroll","background-type":"","background-media":"","overlay-type":"","overlay-color":"","overlay-opacity":"","overlay-gradient":""}},"ast-content-background-meta":{"desktop":{"background-color":"var(--ast-global-color-4)","background-image":"","background-repeat":"repeat","background-position":"center center","background-size":"auto","background-attachment":"scroll","background-type":"","background-media":"","overlay-type":"","overlay-color":"","overlay-opacity":"","overlay-gradient":""},"tablet":{"background-color":"var(--ast-global-color-4)","background-image":"","background-repeat":"repeat","background-position":"center center","background-size":"auto","background-attachment":"scroll","background-type":"","background-media":"","overlay-type":"","overlay-color":"","overlay-opacity":"","overlay-gradient":""},"mobile":{"background-color":"var(--ast-global-color-4)","background-image":"","background-repeat":"repeat","background-position":"center center","background-size":"auto","background-attachment":"scroll","background-type":"","background-media":"","overlay-type":"","overlay-color":"","overlay-opacity":"","overlay-gradient":""}}},"product_brand":[],"product_cat":[20],"product_tag":[],"class_list":{"0":"post-2244","1":"product","2":"type-product","3":"status-publish","4":"has-post-thumbnail","6":"product_cat-20","7":"desktop-align-left","8":"tablet-align-left","9":"mobile-align-left","11":"first","12":"instock","13":"shipping-taxable","14":"purchasable","15":"product-type-simple"},"yoast_head":"<!-- This site is optimized with the Yoast SEO plugin v26.6 - https:\/\/yoast.com\/wordpress\/plugins\/seo\/ -->\n<title>Game Vfx Artist Services Madrid - $15,000-$50,000 | Quality Guaranteed - Game Art Design Services | Game UX Specialists | UX UI for Gaming | Game Development Outsourcing<\/title>\n<meta name=\"robots\" content=\"index, follow, max-snippet:-1, max-image-preview:large, max-video-preview:-1\" \/>\n<link rel=\"canonical\" href=\"https:\/\/diamondcostcalculator.co.uk\/es\/product\/game-vfx-artist-services-madrid-15000-50000-quality-guaranteed\/\" \/>\n<meta property=\"og:locale\" content=\"es_ES\" \/>\n<meta property=\"og:type\" content=\"article\" \/>\n<meta property=\"og:title\" content=\"Game Vfx Artist Services Madrid - $15,000-$50,000 | Quality Guaranteed - Game Art Design Services | Game UX Specialists | UX UI for Gaming | Game Development Outsourcing\" \/>\n<meta property=\"og:description\" content=\"The Dedicated Team Model: Hiring Remote Game Developers &amp; Programmers \u00a0 \u00a0 Introduction: Beyond Outsourcing \u2013 Talent as a Service [&hellip;]\" \/>\n<meta property=\"og:url\" content=\"https:\/\/diamondcostcalculator.co.uk\/es\/product\/game-vfx-artist-services-madrid-15000-50000-quality-guaranteed\/\" \/>\n<meta property=\"og:site_name\" content=\"Game Art Design | Game UX Specialists | UX UI for Gaming | Game Development Outsourcing\" \/>\n<meta property=\"article:modified_time\" content=\"2025-11-16T09:33:03+00:00\" \/>\n<meta property=\"og:image\" content=\"https:\/\/diamondcostcalculator.co.uk\/wp-content\/uploads\/2025\/11\/3D-Character-Design.jpg\" \/>\n\t<meta property=\"og:image:width\" content=\"1024\" \/>\n\t<meta property=\"og:image:height\" content=\"1024\" \/>\n\t<meta property=\"og:image:type\" content=\"image\/jpeg\" \/>\n<meta name=\"twitter:card\" content=\"summary_large_image\" \/>\n<meta name=\"twitter:label1\" content=\"Tiempo de lectura\" \/>\n\t<meta name=\"twitter:data1\" content=\"5 minutos\" \/>\n<script type=\"application\/ld+json\" class=\"yoast-schema-graph\">{\"@context\":\"https:\/\/schema.org\",\"@graph\":[{\"@type\":\"WebPage\",\"@id\":\"https:\/\/diamondcostcalculator.co.uk\/en\/product\/game-vfx-artist-services-madrid-15000-50000-quality-guaranteed\/\",\"url\":\"https:\/\/diamondcostcalculator.co.uk\/en\/product\/game-vfx-artist-services-madrid-15000-50000-quality-guaranteed\/\",\"name\":\"Game Vfx Artist Services Madrid - $15,000-$50,000 | Quality Guaranteed - Game Art Design Services | Game UX Specialists | UX UI for Gaming | Game Development Outsourcing\",\"isPartOf\":{\"@id\":\"https:\/\/diamondcostcalculator.co.uk\/#website\"},\"primaryImageOfPage\":{\"@id\":\"https:\/\/diamondcostcalculator.co.uk\/en\/product\/game-vfx-artist-services-madrid-15000-50000-quality-guaranteed\/#primaryimage\"},\"image\":{\"@id\":\"https:\/\/diamondcostcalculator.co.uk\/en\/product\/game-vfx-artist-services-madrid-15000-50000-quality-guaranteed\/#primaryimage\"},\"thumbnailUrl\":\"https:\/\/diamondcostcalculator.co.uk\/wp-content\/uploads\/2025\/11\/3D-Character-Design.jpg\",\"datePublished\":\"2025-11-16T09:10:38+00:00\",\"dateModified\":\"2025-11-16T09:33:03+00:00\",\"breadcrumb\":{\"@id\":\"https:\/\/diamondcostcalculator.co.uk\/en\/product\/game-vfx-artist-services-madrid-15000-50000-quality-guaranteed\/#breadcrumb\"},\"inLanguage\":\"es\",\"potentialAction\":[{\"@type\":\"ReadAction\",\"target\":[\"https:\/\/diamondcostcalculator.co.uk\/en\/product\/game-vfx-artist-services-madrid-15000-50000-quality-guaranteed\/\"]}]},{\"@type\":\"ImageObject\",\"inLanguage\":\"es\",\"@id\":\"https:\/\/diamondcostcalculator.co.uk\/en\/product\/game-vfx-artist-services-madrid-15000-50000-quality-guaranteed\/#primaryimage\",\"url\":\"https:\/\/diamondcostcalculator.co.uk\/wp-content\/uploads\/2025\/11\/3D-Character-Design.jpg\",\"contentUrl\":\"https:\/\/diamondcostcalculator.co.uk\/wp-content\/uploads\/2025\/11\/3D-Character-Design.jpg\",\"width\":1024,\"height\":1024},{\"@type\":\"BreadcrumbList\",\"@id\":\"https:\/\/diamondcostcalculator.co.uk\/en\/product\/game-vfx-artist-services-madrid-15000-50000-quality-guaranteed\/#breadcrumb\",\"itemListElement\":[{\"@type\":\"ListItem\",\"position\":1,\"name\":\"Home\",\"item\":\"https:\/\/diamondcostcalculator.co.uk\/es\/\"},{\"@type\":\"ListItem\",\"position\":2,\"name\":\"Shop\",\"item\":\"https:\/\/diamondcostcalculator.co.uk\/es\/\"},{\"@type\":\"ListItem\",\"position\":3,\"name\":\"Game Vfx Artist Services Madrid &#8211; $15,000-$50,000 | Quality Guaranteed\"}]},{\"@type\":\"WebSite\",\"@id\":\"https:\/\/diamondcostcalculator.co.uk\/#website\",\"url\":\"https:\/\/diamondcostcalculator.co.uk\/\",\"name\":\"Game Art Design | Game UX Specialists | UX UI for Gaming | Game Development Outsourcing\",\"description\":\"Game Art Design Services | Game UX Specialists | UX UI for Gaming | Game Development Outsourcing\",\"potentialAction\":[{\"@type\":\"SearchAction\",\"target\":{\"@type\":\"EntryPoint\",\"urlTemplate\":\"https:\/\/diamondcostcalculator.co.uk\/?s={search_term_string}\"},\"query-input\":{\"@type\":\"PropertyValueSpecification\",\"valueRequired\":true,\"valueName\":\"search_term_string\"}}],\"inLanguage\":\"es\"}]}<\/script>\n<!-- \/ Yoast SEO plugin. -->","yoast_head_json":{"title":"Game Vfx Artist Services Madrid - $15,000-$50,000 | Quality Guaranteed - Game Art Design Services | Game UX Specialists | UX UI for Gaming | Game Development Outsourcing","robots":{"index":"index","follow":"follow","max-snippet":"max-snippet:-1","max-image-preview":"max-image-preview:large","max-video-preview":"max-video-preview:-1"},"canonical":"https:\/\/diamondcostcalculator.co.uk\/es\/product\/game-vfx-artist-services-madrid-15000-50000-quality-guaranteed\/","og_locale":"es_ES","og_type":"article","og_title":"Game Vfx Artist Services Madrid - $15,000-$50,000 | Quality Guaranteed - Game Art Design Services | Game UX Specialists | UX UI for Gaming | Game Development Outsourcing","og_description":"The Dedicated Team Model: Hiring Remote Game Developers &amp; Programmers \u00a0 \u00a0 Introduction: Beyond Outsourcing \u2013 Talent as a Service [&hellip;]","og_url":"https:\/\/diamondcostcalculator.co.uk\/es\/product\/game-vfx-artist-services-madrid-15000-50000-quality-guaranteed\/","og_site_name":"Game Art Design | Game UX Specialists | UX UI for Gaming | Game Development Outsourcing","article_modified_time":"2025-11-16T09:33:03+00:00","og_image":[{"width":1024,"height":1024,"url":"https:\/\/diamondcostcalculator.co.uk\/wp-content\/uploads\/2025\/11\/3D-Character-Design.jpg","type":"image\/jpeg"}],"twitter_card":"summary_large_image","twitter_misc":{"Tiempo de lectura":"5 minutos"},"schema":{"@context":"https:\/\/schema.org","@graph":[{"@type":"WebPage","@id":"https:\/\/diamondcostcalculator.co.uk\/en\/product\/game-vfx-artist-services-madrid-15000-50000-quality-guaranteed\/","url":"https:\/\/diamondcostcalculator.co.uk\/en\/product\/game-vfx-artist-services-madrid-15000-50000-quality-guaranteed\/","name":"Game Vfx Artist Services Madrid - $15,000-$50,000 | Quality Guaranteed - Game Art Design Services | Game UX Specialists | UX UI for Gaming | Game Development Outsourcing","isPartOf":{"@id":"https:\/\/diamondcostcalculator.co.uk\/#website"},"primaryImageOfPage":{"@id":"https:\/\/diamondcostcalculator.co.uk\/en\/product\/game-vfx-artist-services-madrid-15000-50000-quality-guaranteed\/#primaryimage"},"image":{"@id":"https:\/\/diamondcostcalculator.co.uk\/en\/product\/game-vfx-artist-services-madrid-15000-50000-quality-guaranteed\/#primaryimage"},"thumbnailUrl":"https:\/\/diamondcostcalculator.co.uk\/wp-content\/uploads\/2025\/11\/3D-Character-Design.jpg","datePublished":"2025-11-16T09:10:38+00:00","dateModified":"2025-11-16T09:33:03+00:00","breadcrumb":{"@id":"https:\/\/diamondcostcalculator.co.uk\/en\/product\/game-vfx-artist-services-madrid-15000-50000-quality-guaranteed\/#breadcrumb"},"inLanguage":"es","potentialAction":[{"@type":"ReadAction","target":["https:\/\/diamondcostcalculator.co.uk\/en\/product\/game-vfx-artist-services-madrid-15000-50000-quality-guaranteed\/"]}]},{"@type":"ImageObject","inLanguage":"es","@id":"https:\/\/diamondcostcalculator.co.uk\/en\/product\/game-vfx-artist-services-madrid-15000-50000-quality-guaranteed\/#primaryimage","url":"https:\/\/diamondcostcalculator.co.uk\/wp-content\/uploads\/2025\/11\/3D-Character-Design.jpg","contentUrl":"https:\/\/diamondcostcalculator.co.uk\/wp-content\/uploads\/2025\/11\/3D-Character-Design.jpg","width":1024,"height":1024},{"@type":"BreadcrumbList","@id":"https:\/\/diamondcostcalculator.co.uk\/en\/product\/game-vfx-artist-services-madrid-15000-50000-quality-guaranteed\/#breadcrumb","itemListElement":[{"@type":"ListItem","position":1,"name":"Home","item":"https:\/\/diamondcostcalculator.co.uk\/es\/"},{"@type":"ListItem","position":2,"name":"Shop","item":"https:\/\/diamondcostcalculator.co.uk\/es\/"},{"@type":"ListItem","position":3,"name":"Game Vfx Artist Services Madrid &#8211; $15,000-$50,000 | Quality Guaranteed"}]},{"@type":"WebSite","@id":"https:\/\/diamondcostcalculator.co.uk\/#website","url":"https:\/\/diamondcostcalculator.co.uk\/","name":"Dise\u00f1o art\u00edstico de juegos | Especialistas en UX para juegos | UX UI para juegos | Externalizaci\u00f3n del desarrollo de juegos","description":"Servicios de dise\u00f1o art\u00edstico de juegos | Especialistas en UX para juegos | UX UI para juegos | Externalizaci\u00f3n del desarrollo de juegos","potentialAction":[{"@type":"SearchAction","target":{"@type":"EntryPoint","urlTemplate":"https:\/\/diamondcostcalculator.co.uk\/?s={search_term_string}"},"query-input":{"@type":"PropertyValueSpecification","valueRequired":true,"valueName":"search_term_string"}}],"inLanguage":"es"}]}},"_links":{"self":[{"href":"https:\/\/diamondcostcalculator.co.uk\/es\/wp-json\/wp\/v2\/product\/2244","targetHints":{"allow":["GET"]}}],"collection":[{"href":"https:\/\/diamondcostcalculator.co.uk\/es\/wp-json\/wp\/v2\/product"}],"about":[{"href":"https:\/\/diamondcostcalculator.co.uk\/es\/wp-json\/wp\/v2\/types\/product"}],"replies":[{"embeddable":true,"href":"https:\/\/diamondcostcalculator.co.uk\/es\/wp-json\/wp\/v2\/comments?post=2244"}],"wp:featuredmedia":[{"embeddable":true,"href":"https:\/\/diamondcostcalculator.co.uk\/es\/wp-json\/wp\/v2\/media\/15"}],"wp:attachment":[{"href":"https:\/\/diamondcostcalculator.co.uk\/es\/wp-json\/wp\/v2\/media?parent=2244"}],"wp:term":[{"taxonomy":"product_brand","embeddable":true,"href":"https:\/\/diamondcostcalculator.co.uk\/es\/wp-json\/wp\/v2\/product_brand?post=2244"},{"taxonomy":"product_cat","embeddable":true,"href":"https:\/\/diamondcostcalculator.co.uk\/es\/wp-json\/wp\/v2\/product_cat?post=2244"},{"taxonomy":"product_tag","embeddable":true,"href":"https:\/\/diamondcostcalculator.co.uk\/es\/wp-json\/wp\/v2\/product_tag?post=2244"}],"curies":[{"name":"wp","href":"https:\/\/api.w.org\/{rel}","templated":true}]}}