{"id":8,"date":"2025-11-16T07:44:30","date_gmt":"2025-11-16T07:44:30","guid":{"rendered":"https:\/\/diamondcostcalculator.co.uk\/cart\/"},"modified":"2025-11-16T09:40:20","modified_gmt":"2025-11-16T09:40:20","slug":"cart","status":"publish","type":"page","link":"https:\/\/diamondcostcalculator.co.uk\/fr\/cart\/","title":{"rendered":"Chariot"},"content":{"rendered":"<div data-block-name=\"woocommerce\/cart\" class=\"wp-block-woocommerce-cart alignwide is-loading\">\n<div data-block-name=\"woocommerce\/filled-cart-block\" class=\"wp-block-woocommerce-filled-cart-block\">\n<div data-block-name=\"woocommerce\/cart-items-block\" class=\"wp-block-woocommerce-cart-items-block\">\n<div data-block-name=\"woocommerce\/cart-line-items-block\" class=\"wp-block-woocommerce-cart-line-items-block\"><\/div>\n\n\n<\/div>\n\n\n\n\n<div data-block-name=\"woocommerce\/cart-totals-block\" class=\"wp-block-woocommerce-cart-totals-block\">\n<div data-block-name=\"woocommerce\/cart-order-summary-block\" class=\"wp-block-woocommerce-cart-order-summary-block\">\n<div data-block-name=\"woocommerce\/cart-order-summary-heading-block\" class=\"wp-block-woocommerce-cart-order-summary-heading-block\"><\/div><div data-block-name=\"woocommerce\/cart-order-summary-coupon-form-block\" class=\"wp-block-woocommerce-cart-order-summary-coupon-form-block\"><\/div><div data-block-name=\"woocommerce\/cart-order-summary-totals-block\" class=\"wp-block-woocommerce-cart-order-summary-totals-block\">\n<div data-block-name=\"woocommerce\/cart-order-summary-subtotal-block\" class=\"wp-block-woocommerce-cart-order-summary-subtotal-block\"><\/div>\n<div data-block-name=\"woocommerce\/cart-order-summary-discount-block\" class=\"wp-block-woocommerce-cart-order-summary-discount-block\"><\/div>\n<div data-block-name=\"woocommerce\/cart-order-summary-fee-block\" class=\"wp-block-woocommerce-cart-order-summary-fee-block\"><\/div>\n<div data-block-name=\"woocommerce\/cart-order-summary-shipping-block\" class=\"wp-block-woocommerce-cart-order-summary-shipping-block\"><\/div>\n<div data-block-name=\"woocommerce\/cart-order-summary-taxes-block\" class=\"wp-block-woocommerce-cart-order-summary-taxes-block\"><\/div><\/div>\n<\/div>\n\n\n\n<div data-block-name=\"woocommerce\/cart-express-payment-block\" class=\"wp-block-woocommerce-cart-express-payment-block\"><\/div>\n\n\n\n<div data-block-name=\"woocommerce\/proceed-to-checkout-block\" class=\"wp-block-woocommerce-proceed-to-checkout-block\"><\/div>\n\n\n\n<div data-block-name=\"woocommerce\/cart-accepted-payment-methods-block\" class=\"wp-block-woocommerce-cart-accepted-payment-methods-block\"><\/div>\n<\/div>\n<\/div>\n\n\n\n<div data-block-name=\"woocommerce\/empty-cart-block\" class=\"wp-block-woocommerce-empty-cart-block\">\n<h2 class=\"wp-block-heading has-text-align-center with-empty-cart-icon wc-block-cart__empty-cart__title\">Your cart is currently empty!<\/h2>\n\n\n\n<hr class=\"wp-block-separator has-alpha-channel-opacity is-style-dots\"\/>\n\n\n\n<h2 class=\"wp-block-heading has-text-align-center\">New in store<\/h2>\n\n\n<div data-block-name=\"woocommerce\/product-new\" data-columns=\"4\" data-rows=\"1\" class=\"wc-block-grid wp-block-product-new wp-block-woocommerce-product-new wc-block-product-new has-4-columns\"><ul class=\"wc-block-grid__products\"><li class=\"wc-block-grid__product\">\n\t\t\t\t<a href=\"https:\/\/diamondcostcalculator.co.uk\/fr\/product\/featured-developers-professional-fps-ui-services-serving-worldwide\/\" class=\"wc-block-grid__product-link\">\n\t\t\t\t\t\n\t\t\t\t\t<div class=\"wc-block-grid__product-image\"><img loading=\"lazy\" decoding=\"async\" width=\"300\" height=\"300\" src=\"https:\/\/diamondcostcalculator.co.uk\/wp-content\/uploads\/2025\/11\/Global-Game-Art-Studio-300x300.jpg\" class=\"attachment-woocommerce_thumbnail size-woocommerce_thumbnail\" alt=\"Featured Developers Professional Fps Ui Services Serving Worldwide\" srcset=\"https:\/\/diamondcostcalculator.co.uk\/wp-content\/uploads\/2025\/11\/Global-Game-Art-Studio-300x300.jpg 300w, https:\/\/diamondcostcalculator.co.uk\/wp-content\/uploads\/2025\/11\/Global-Game-Art-Studio-100x100.jpg 100w, https:\/\/diamondcostcalculator.co.uk\/wp-content\/uploads\/2025\/11\/Global-Game-Art-Studio-600x600.jpg 600w, https:\/\/diamondcostcalculator.co.uk\/wp-content\/uploads\/2025\/11\/Global-Game-Art-Studio-150x150.jpg 150w, https:\/\/diamondcostcalculator.co.uk\/wp-content\/uploads\/2025\/11\/Global-Game-Art-Studio-768x768.jpg 768w, https:\/\/diamondcostcalculator.co.uk\/wp-content\/uploads\/2025\/11\/Global-Game-Art-Studio.jpg 1024w\" sizes=\"auto, (max-width: 300px) 100vw, 300px\" \/><\/div>\n\t\t\t\t\t<div class=\"wc-block-grid__product-title\">Featured Developers Professional Fps Ui Services Serving Worldwide<\/div>\n\t\t\t\t<\/a>\n\t\t\t\t<div class=\"wc-block-grid__product-price price\"><span class=\"woocommerce-Price-amount amount\"><span class=\"woocommerce-Price-currencySymbol\">\u00a3<\/span>919.90<\/span><\/div>\n\t\t\t\t\n\t\t\t\t<div class=\"wp-block-button wc-block-grid__product-add-to-cart\"><a href=\"\/fr\/wp-json\/wp\/v2\/pages\/8?add-to-cart=2623\" aria-label=\"Ajouter au panier\u00a0: \u201cFeatured Developers Professional Fps Ui Services Serving Worldwide\u201d\" data-quantity=\"1\" data-product_id=\"2623\" data-product_sku=\"\" data-price=\"919.9\" rel=\"nofollow\" class=\"wp-block-button__link  add_to_cart_button ajax_add_to_cart\" data-no-translation=\"\" data-trp-gettext=\"\" data-no-translation-aria-label=\"\">Ajouter au panier<\/a><\/div>\n\t\t\t<\/li><li class=\"wc-block-grid__product\">\n\t\t\t\t<a href=\"https:\/\/diamondcostcalculator.co.uk\/fr\/product\/solve-your-time-to-market-pressure-with-professional-fps-game-ui-design-value-for-money\/\" class=\"wc-block-grid__product-link\">\n\t\t\t\t\t\n\t\t\t\t\t<div class=\"wc-block-grid__product-image\"><img loading=\"lazy\" decoding=\"async\" width=\"300\" height=\"300\" src=\"https:\/\/diamondcostcalculator.co.uk\/wp-content\/uploads\/2025\/11\/Game-Visuals-Specialists-300x300.jpg\" class=\"attachment-woocommerce_thumbnail size-woocommerce_thumbnail\" alt=\"Solve Your Time-to-Market Pressure with Professional Fps Game Ui Design - Value for Money\" srcset=\"https:\/\/diamondcostcalculator.co.uk\/wp-content\/uploads\/2025\/11\/Game-Visuals-Specialists-300x300.jpg 300w, https:\/\/diamondcostcalculator.co.uk\/wp-content\/uploads\/2025\/11\/Game-Visuals-Specialists-100x100.jpg 100w, https:\/\/diamondcostcalculator.co.uk\/wp-content\/uploads\/2025\/11\/Game-Visuals-Specialists-600x600.jpg 600w, https:\/\/diamondcostcalculator.co.uk\/wp-content\/uploads\/2025\/11\/Game-Visuals-Specialists-150x150.jpg 150w, https:\/\/diamondcostcalculator.co.uk\/wp-content\/uploads\/2025\/11\/Game-Visuals-Specialists-768x768.jpg 768w, https:\/\/diamondcostcalculator.co.uk\/wp-content\/uploads\/2025\/11\/Game-Visuals-Specialists.jpg 1024w\" sizes=\"auto, (max-width: 300px) 100vw, 300px\" \/><\/div>\n\t\t\t\t\t<div class=\"wc-block-grid__product-title\">Solve Your Time-to-Market Pressure with Professional Fps Game Ui Design &#8211; Value for Money<\/div>\n\t\t\t\t<\/a>\n\t\t\t\t<div class=\"wc-block-grid__product-price price\"><span class=\"woocommerce-Price-amount amount\"><span class=\"woocommerce-Price-currencySymbol\">\u00a3<\/span>1,333.86<\/span><\/div>\n\t\t\t\t\n\t\t\t\t<div class=\"wp-block-button wc-block-grid__product-add-to-cart\"><a href=\"\/fr\/wp-json\/wp\/v2\/pages\/8?add-to-cart=2622\" aria-label=\"Ajouter au panier\u00a0: \u201cSolve Your Time-to-Market Pressure with Professional Fps Game Ui Design - Value for Money\u201d\" data-quantity=\"1\" data-product_id=\"2622\" data-product_sku=\"\" data-price=\"1333.86\" rel=\"nofollow\" class=\"wp-block-button__link  add_to_cart_button ajax_add_to_cart\" data-no-translation=\"\" data-trp-gettext=\"\" data-no-translation-aria-label=\"\">Ajouter au panier<\/a><\/div>\n\t\t\t<\/li><li class=\"wc-block-grid__product\">\n\t\t\t\t<a href=\"https:\/\/diamondcostcalculator.co.uk\/fr\/product\/industry-veterans-fps-game-ui-specialists-team-in-zurich-full-cycle-development\/\" class=\"wc-block-grid__product-link\">\n\t\t\t\t\t\n\t\t\t\t\t<div class=\"wc-block-grid__product-image\"><img loading=\"lazy\" decoding=\"async\" width=\"300\" height=\"300\" src=\"https:\/\/diamondcostcalculator.co.uk\/wp-content\/uploads\/2025\/11\/Game-Graphics-Optimization-300x300.jpg\" class=\"attachment-woocommerce_thumbnail size-woocommerce_thumbnail\" alt=\"Industry Veterans Fps Game Ui Specialists Team in Zurich - Full Cycle Development\" srcset=\"https:\/\/diamondcostcalculator.co.uk\/wp-content\/uploads\/2025\/11\/Game-Graphics-Optimization-300x300.jpg 300w, https:\/\/diamondcostcalculator.co.uk\/wp-content\/uploads\/2025\/11\/Game-Graphics-Optimization-100x100.jpg 100w, https:\/\/diamondcostcalculator.co.uk\/wp-content\/uploads\/2025\/11\/Game-Graphics-Optimization-600x600.jpg 600w, https:\/\/diamondcostcalculator.co.uk\/wp-content\/uploads\/2025\/11\/Game-Graphics-Optimization-150x150.jpg 150w, https:\/\/diamondcostcalculator.co.uk\/wp-content\/uploads\/2025\/11\/Game-Graphics-Optimization-768x768.jpg 768w, https:\/\/diamondcostcalculator.co.uk\/wp-content\/uploads\/2025\/11\/Game-Graphics-Optimization.jpg 1024w\" sizes=\"auto, (max-width: 300px) 100vw, 300px\" \/><\/div>\n\t\t\t\t\t<div class=\"wc-block-grid__product-title\">Industry Veterans Fps Game Ui Specialists Team in Zurich &#8211; Full Cycle Development<\/div>\n\t\t\t\t<\/a>\n\t\t\t\t<div class=\"wc-block-grid__product-price price\"><span class=\"woocommerce-Price-amount amount\"><span class=\"woocommerce-Price-currencySymbol\">\u00a3<\/span>1,338.57<\/span><\/div>\n\t\t\t\t\n\t\t\t\t<div class=\"wp-block-button wc-block-grid__product-add-to-cart\"><a href=\"\/fr\/wp-json\/wp\/v2\/pages\/8?add-to-cart=2621\" aria-label=\"Ajouter au panier\u00a0: \u201cIndustry Veterans Fps Game Ui Specialists Team in Zurich - Full Cycle Development\u201d\" data-quantity=\"1\" data-product_id=\"2621\" data-product_sku=\"\" data-price=\"1338.57\" rel=\"nofollow\" class=\"wp-block-button__link  add_to_cart_button ajax_add_to_cart\" data-no-translation=\"\" data-trp-gettext=\"\" data-no-translation-aria-label=\"\">Ajouter au panier<\/a><\/div>\n\t\t\t<\/li><li class=\"wc-block-grid__product\">\n\t\t\t\t<a href=\"https:\/\/diamondcostcalculator.co.uk\/fr\/product\/forza-horizon-5-ui-services-for-global-clients-innovative-design-solutions\/\" class=\"wc-block-grid__product-link\">\n\t\t\t\t\t\n\t\t\t\t\t<div class=\"wc-block-grid__product-image\"><img loading=\"lazy\" decoding=\"async\" width=\"300\" height=\"300\" src=\"https:\/\/diamondcostcalculator.co.uk\/wp-content\/uploads\/2025\/11\/Game-Environment-Modeling-300x300.jpg\" class=\"attachment-woocommerce_thumbnail size-woocommerce_thumbnail\" alt=\"Forza Horizon 5 Ui Services for Global Clients - Innovative Design Solutions\" srcset=\"https:\/\/diamondcostcalculator.co.uk\/wp-content\/uploads\/2025\/11\/Game-Environment-Modeling-300x300.jpg 300w, https:\/\/diamondcostcalculator.co.uk\/wp-content\/uploads\/2025\/11\/Game-Environment-Modeling-100x100.jpg 100w, https:\/\/diamondcostcalculator.co.uk\/wp-content\/uploads\/2025\/11\/Game-Environment-Modeling-600x600.jpg 600w, https:\/\/diamondcostcalculator.co.uk\/wp-content\/uploads\/2025\/11\/Game-Environment-Modeling-150x150.jpg 150w, https:\/\/diamondcostcalculator.co.uk\/wp-content\/uploads\/2025\/11\/Game-Environment-Modeling-768x768.jpg 768w, https:\/\/diamondcostcalculator.co.uk\/wp-content\/uploads\/2025\/11\/Game-Environment-Modeling.jpg 1024w\" sizes=\"auto, (max-width: 300px) 100vw, 300px\" \/><\/div>\n\t\t\t\t\t<div class=\"wc-block-grid__product-title\">Forza Horizon 5 Ui Services for Global Clients &#8211; Innovative Design Solutions<\/div>\n\t\t\t\t<\/a>\n\t\t\t\t<div class=\"wc-block-grid__product-price price\"><span class=\"woocommerce-Price-amount amount\"><span class=\"woocommerce-Price-currencySymbol\">\u00a3<\/span>1,568.59<\/span><\/div>\n\t\t\t\t\n\t\t\t\t<div class=\"wp-block-button wc-block-grid__product-add-to-cart\"><a href=\"\/fr\/wp-json\/wp\/v2\/pages\/8?add-to-cart=2620\" aria-label=\"Ajouter au panier\u00a0: \u201cForza Horizon 5 Ui Services for Global Clients - Innovative Design Solutions\u201d\" data-quantity=\"1\" data-product_id=\"2620\" data-product_sku=\"\" data-price=\"1568.59\" rel=\"nofollow\" class=\"wp-block-button__link  add_to_cart_button ajax_add_to_cart\" data-no-translation=\"\" data-trp-gettext=\"\" data-no-translation-aria-label=\"\">Ajouter au panier<\/a><\/div>\n\t\t\t<\/li><\/ul><\/div><\/div>\n<\/div>","protected":false},"excerpt":{"rendered":"","protected":false},"author":1,"featured_media":0,"parent":0,"menu_order":0,"comment_status":"closed","ping_status":"closed","template":"page-with-title","meta":{"site-sidebar-layout":"default","site-content-layout":"","ast-site-content-layout":"default","site-content-style":"default","site-sidebar-style":"default","ast-global-header-display":"","ast-banner-title-visibility":"","ast-main-header-display":"","ast-hfb-above-header-display":"","ast-hfb-below-header-display":"","ast-hfb-mobile-header-display":"","site-post-title":"","ast-breadcrumbs-content":"","ast-featured-img":"","footer-sml-layout":"","ast-disable-related-posts":"","theme-transparent-header-meta":"","adv-header-id-meta":"","stick-header-meta":"","header-above-stick-meta":"","header-main-stick-meta":"","header-below-stick-meta":"","astra-migrate-meta-layouts":"default","ast-page-background-enabled":"default","ast-page-background-meta":{"desktop":{"background-color":"var(--ast-global-color-5)","background-image":"","background-repeat":"repeat","background-position":"center center","background-size":"auto","background-attachment":"scroll","background-type":"","background-media":"","overlay-type":"","overlay-color":"","overlay-opacity":"","overlay-gradient":""},"tablet":{"background-color":"","background-image":"","background-repeat":"repeat","background-position":"center center","background-size":"auto","background-attachment":"scroll","background-type":"","background-media":"","overlay-type":"","overlay-color":"","overlay-opacity":"","overlay-gradient":""},"mobile":{"background-color":"","background-image":"","background-repeat":"repeat","background-position":"center center","background-size":"auto","background-attachment":"scroll","background-type":"","background-media":"","overlay-type":"","overlay-color":"","overlay-opacity":"","overlay-gradient":""}},"ast-content-background-meta":{"desktop":{"background-color":"var(--ast-global-color-4)","background-image":"","background-repeat":"repeat","background-position":"center center","background-size":"auto","background-attachment":"scroll","background-type":"","background-media":"","overlay-type":"","overlay-color":"","overlay-opacity":"","overlay-gradient":""},"tablet":{"background-color":"var(--ast-global-color-4)","background-image":"","background-repeat":"repeat","background-position":"center center","background-size":"auto","background-attachment":"scroll","background-type":"","background-media":"","overlay-type":"","overlay-color":"","overlay-opacity":"","overlay-gradient":""},"mobile":{"background-color":"var(--ast-global-color-4)","background-image":"","background-repeat":"repeat","background-position":"center center","background-size":"auto","background-attachment":"scroll","background-type":"","background-media":"","overlay-type":"","overlay-color":"","overlay-opacity":"","overlay-gradient":""}},"footnotes":""},"class_list":["post-8","page","type-page","status-publish","hentry"],"yoast_head":"<!-- This site is optimized with the Yoast SEO plugin v26.6 - https:\/\/yoast.com\/wordpress\/plugins\/seo\/ -->\n<title>Cart - Game Art Design | Game UX Specialists | UX UI for Gaming | Game Development Outsourcing<\/title>\n<meta name=\"robots\" content=\"index, follow, max-snippet:-1, max-image-preview:large, max-video-preview:-1\" \/>\n<link rel=\"canonical\" href=\"https:\/\/diamondcostcalculator.co.uk\/fr\/cart\/\" \/>\n<meta property=\"og:locale\" content=\"fr_FR\" \/>\n<meta property=\"og:type\" content=\"article\" \/>\n<meta property=\"og:title\" content=\"Cart - Game Art Design | Game UX Specialists | UX UI for Gaming | Game Development Outsourcing\" \/>\n<meta property=\"og:url\" content=\"https:\/\/diamondcostcalculator.co.uk\/fr\/cart\/\" \/>\n<meta property=\"og:site_name\" content=\"Game Art Design | Game UX Specialists | UX UI for Gaming | Game Development Outsourcing\" \/>\n<meta property=\"article:modified_time\" content=\"2025-11-16T09:40:20+00:00\" \/>\n<meta name=\"twitter:card\" content=\"summary_large_image\" \/>\n<script type=\"application\/ld+json\" class=\"yoast-schema-graph\">{\"@context\":\"https:\/\/schema.org\",\"@graph\":[{\"@type\":\"WebPage\",\"@id\":\"https:\/\/diamondcostcalculator.co.uk\/cart\/\",\"url\":\"https:\/\/diamondcostcalculator.co.uk\/cart\/\",\"name\":\"Cart - Game Art Design | Game UX Specialists | UX UI for Gaming | Game Development Outsourcing\",\"isPartOf\":{\"@id\":\"https:\/\/diamondcostcalculator.co.uk\/#website\"},\"datePublished\":\"2025-11-16T07:44:30+00:00\",\"dateModified\":\"2025-11-16T09:40:20+00:00\",\"breadcrumb\":{\"@id\":\"https:\/\/diamondcostcalculator.co.uk\/cart\/#breadcrumb\"},\"inLanguage\":\"fr-FR\",\"potentialAction\":[{\"@type\":\"ReadAction\",\"target\":[\"https:\/\/diamondcostcalculator.co.uk\/cart\/\"]}]},{\"@type\":\"BreadcrumbList\",\"@id\":\"https:\/\/diamondcostcalculator.co.uk\/cart\/#breadcrumb\",\"itemListElement\":[{\"@type\":\"ListItem\",\"position\":1,\"name\":\"Home\",\"item\":\"https:\/\/diamondcostcalculator.co.uk\/es\/\"},{\"@type\":\"ListItem\",\"position\":2,\"name\":\"Cart\"}]},{\"@type\":\"WebSite\",\"@id\":\"https:\/\/diamondcostcalculator.co.uk\/#website\",\"url\":\"https:\/\/diamondcostcalculator.co.uk\/\",\"name\":\"Game Art Design | Game UX Specialists | UX UI for Gaming | Game Development Outsourcing\",\"description\":\"Game Art Design Services | Game UX Specialists | UX UI for Gaming | Game Development Outsourcing\",\"potentialAction\":[{\"@type\":\"SearchAction\",\"target\":{\"@type\":\"EntryPoint\",\"urlTemplate\":\"https:\/\/diamondcostcalculator.co.uk\/?s={search_term_string}\"},\"query-input\":{\"@type\":\"PropertyValueSpecification\",\"valueRequired\":true,\"valueName\":\"search_term_string\"}}],\"inLanguage\":\"fr-FR\"}]}<\/script>\n<!-- \/ Yoast SEO plugin. -->","yoast_head_json":{"title":"Cart - Game Art Design | Game UX Specialists | UX UI for Gaming | Game Development Outsourcing","robots":{"index":"index","follow":"follow","max-snippet":"max-snippet:-1","max-image-preview":"max-image-preview:large","max-video-preview":"max-video-preview:-1"},"canonical":"https:\/\/diamondcostcalculator.co.uk\/fr\/cart\/","og_locale":"fr_FR","og_type":"article","og_title":"Cart - Game Art Design | Game UX Specialists | UX UI for Gaming | Game Development Outsourcing","og_url":"https:\/\/diamondcostcalculator.co.uk\/fr\/cart\/","og_site_name":"Game Art Design | Game UX Specialists | UX UI for Gaming | Game Development Outsourcing","article_modified_time":"2025-11-16T09:40:20+00:00","twitter_card":"summary_large_image","schema":{"@context":"https:\/\/schema.org","@graph":[{"@type":"WebPage","@id":"https:\/\/diamondcostcalculator.co.uk\/cart\/","url":"https:\/\/diamondcostcalculator.co.uk\/cart\/","name":"Cart - Game Art Design | Game UX Specialists | UX UI for Gaming | Game Development Outsourcing","isPartOf":{"@id":"https:\/\/diamondcostcalculator.co.uk\/#website"},"datePublished":"2025-11-16T07:44:30+00:00","dateModified":"2025-11-16T09:40:20+00:00","breadcrumb":{"@id":"https:\/\/diamondcostcalculator.co.uk\/cart\/#breadcrumb"},"inLanguage":"fr-FR","potentialAction":[{"@type":"ReadAction","target":["https:\/\/diamondcostcalculator.co.uk\/cart\/"]}]},{"@type":"BreadcrumbList","@id":"https:\/\/diamondcostcalculator.co.uk\/cart\/#breadcrumb","itemListElement":[{"@type":"ListItem","position":1,"name":"Home","item":"https:\/\/diamondcostcalculator.co.uk\/es\/"},{"@type":"ListItem","position":2,"name":"Cart"}]},{"@type":"WebSite","@id":"https:\/\/diamondcostcalculator.co.uk\/#website","url":"https:\/\/diamondcostcalculator.co.uk\/","name":"Conception artistique de jeux vid\u00e9o | Sp\u00e9cialistes UX de jeux vid\u00e9o | UX UI pour les jeux vid\u00e9o | Externalisation du d\u00e9veloppement de jeux vid\u00e9o","description":"Services de conception artistique de jeux vid\u00e9o | Sp\u00e9cialistes UX de jeux vid\u00e9o | UX UI pour les jeux vid\u00e9o | Externalisation du d\u00e9veloppement de jeux vid\u00e9o","potentialAction":[{"@type":"SearchAction","target":{"@type":"EntryPoint","urlTemplate":"https:\/\/diamondcostcalculator.co.uk\/?s={search_term_string}"},"query-input":{"@type":"PropertyValueSpecification","valueRequired":true,"valueName":"search_term_string"}}],"inLanguage":"fr-FR"}]}},"_links":{"self":[{"href":"https:\/\/diamondcostcalculator.co.uk\/fr\/wp-json\/wp\/v2\/pages\/8","targetHints":{"allow":["GET"]}}],"collection":[{"href":"https:\/\/diamondcostcalculator.co.uk\/fr\/wp-json\/wp\/v2\/pages"}],"about":[{"href":"https:\/\/diamondcostcalculator.co.uk\/fr\/wp-json\/wp\/v2\/types\/page"}],"author":[{"embeddable":true,"href":"https:\/\/diamondcostcalculator.co.uk\/fr\/wp-json\/wp\/v2\/users\/1"}],"replies":[{"embeddable":true,"href":"https:\/\/diamondcostcalculator.co.uk\/fr\/wp-json\/wp\/v2\/comments?post=8"}],"version-history":[{"count":1,"href":"https:\/\/diamondcostcalculator.co.uk\/fr\/wp-json\/wp\/v2\/pages\/8\/revisions"}],"predecessor-version":[{"id":2624,"href":"https:\/\/diamondcostcalculator.co.uk\/fr\/wp-json\/wp\/v2\/pages\/8\/revisions\/2624"}],"wp:attachment":[{"href":"https:\/\/diamondcostcalculator.co.uk\/fr\/wp-json\/wp\/v2\/media?parent=8"}],"curies":[{"name":"wp","href":"https:\/\/api.w.org\/{rel}","templated":true}]}}