{"id":2235,"date":"2025-11-16T09:10:27","date_gmt":"2025-11-16T09:10:27","guid":{"rendered":"https:\/\/diamondcostcalculator.co.uk\/product\/wireframing-and-prototyping-services-for-european-studios-end-to-end-service\/"},"modified":"2025-11-16T09:33:04","modified_gmt":"2025-11-16T09:33:04","slug":"wireframing-and-prototyping-services-for-european-studios-end-to-end-service","status":"publish","type":"product","link":"https:\/\/diamondcostcalculator.co.uk\/it\/product\/wireframing-and-prototyping-services-for-european-studios-end-to-end-service\/","title":{"rendered":"Wireframing And Prototyping Services for European Studios &#8211; End-to-End Service"},"content":{"rendered":"<h2><b>Il modello del team dedicato: Assunzione di sviluppatori e programmatori di videogiochi a distanza<\/b><\/h2>\n<p>\u00a0<\/p>\n<p data-path-to-node=\"20\">\u00a0<\/p>\n<h3><b>Introduzione: Oltre l'outsourcing: il talento come servizio<\/b><\/h3>\n<p>\u00a0<\/p>\n<p data-path-to-node=\"21\">Nell'ambiente frenetico e ad alto rischio dello sviluppo di videogiochi, il pi\u00f9 grande ostacolo alla scalabilit\u00e0 non \u00e8 il capitale o la visione, ma il <b>accesso a talenti ingegneristici d'\u00e9lite e specializzati<\/b>. La domanda di personale di livello superiore <code>Sviluppo di giochi Unity3D<\/code> programmatori, ingegneri esperti di Unreal C++, e <code>Sviluppatori di giochi a distanza<\/code> che comprendono il full stack ha superato di gran lunga il mercato delle assunzioni tradizionali. Ci\u00f2 ha costretto gli studi a una posizione difficile: mettere in pausa lo sviluppo mentre si passano 6 mesi a reclutare, oppure rischiare di affidare il progetto a un'azienda tradizionale. <code>studio di outsourcing di giochi<\/code> che utilizza un modello di \u201cscatola nera\u201d, sacrificando il controllo, la comunicazione e la qualit\u00e0 del codice.<\/p>\n<p data-path-to-node=\"22\">Il nostro studio offre una soluzione moderna e di qualit\u00e0 superiore: <b>Talento come servizio (TaaS)<\/b>. Non siamo un'azienda tradizionale <code>esternalizzazione del gioco<\/code> \u201cproject house\u201d. Siamo un fornitore di prim'ordine di programmatori di giochi d'\u00e9lite, con controlli preventivi e con autorizzazione di sicurezza, che vi offriamo attraverso i nostri due modelli: <b>Aumento del personale<\/b> e <b>Squadre di gioco dedicate<\/b>. Questo servizio \u00e8 pensato per gli studi che desiderano l'economicit\u00e0 e la scalabilit\u00e0 dell'outsourcing. <i>senza<\/i> sacrificando la qualit\u00e0, la trasparenza e l'integrazione di un team interno. Questo documento illustra le nostre offerte di servizi, il nostro pool di talenti e i nostri pacchetti di prezzi trasparenti per l'assunzione. <code>Programmatori di giochi<\/code>.<\/p>\n<hr data-path-to-node=\"23\" \/>\n<p data-path-to-node=\"24\">\u00a0<\/p>\n<h3><b>La filosofia del \u201cteam dedicato\u201d: Il vostro team, la vostra pipeline<\/b><\/h3>\n<p>\u00a0<\/p>\n<p data-path-to-node=\"25\">Il nostro modello si basa su una semplice premessa: il lavoro migliore nasce dalla collaborazione diretta. A differenza dell'outsourcing \u201ca progetto\u201d, non prendiamo i vostri requisiti e spariamo per due mesi. Al contrario, vi forniamo uno o pi\u00f9 sviluppatori dedicati a tempo pieno che sono 100% vostri.<\/p>\n<ul data-path-to-node=\"26\">\n<li>\n<p data-path-to-node=\"26,0,0\"><b>Integrazione completa:<\/b> I nostri sviluppatori vengono aggiunti direttamente al vostro Slack, al vostro Jira, ai vostri stand-up quotidiani e al vostro controllo sorgente (Git\/Perforce). Lavorano con gli stessi orari del vostro team. Sono, a tutti gli effetti, <i>il tuo<\/i> dipendente.<\/p>\n<\/li>\n<li>\n<p data-path-to-node=\"26,1,0\"><b>Gestione diretta:<\/b> Voi (o il vostro sviluppatore\/produttore principale) li gestite direttamente. Assegnate i loro compiti, rivedete il loro codice e guidate il loro lavoro. In questo modo si elimina il \u201cgioco del telefono\u201d della comunicazione attraverso un manager intermedio.<\/p>\n<\/li>\n<li>\n<p data-path-to-node=\"26,2,0\"><b>Trasparenza totale:<\/b> Vedete i loro commit in tempo reale. Avete una visibilit\u00e0 100% sul loro lavoro, sui loro progressi e sulla loro qualit\u00e0. Il codice che scrivono viene impegnato direttamente su <i>il tuo<\/i> repository, seguendo <i>il tuo<\/i> standard di codifica.<\/p>\n<\/li>\n<li>\n<p data-path-to-node=\"26,3,0\"><b>Sicurezza IP:<\/b> Tutti gli sviluppatori sono vincolati dai nostri accordi NDA e \u201cWork for Hire\u201d. Tutta la propriet\u00e0 intellettuale \u00e8 100% vostra, creata sul nostro hardware sicuro e gestito, dotato di firewall e monitorato.<\/p>\n<\/li>\n<\/ul>\n<hr data-path-to-node=\"27\" \/>\n<p data-path-to-node=\"28\">\u00a0<\/p>\n<h3><b>Il nostro pool di talenti e le nostre specializzazioni<\/b><\/h3>\n<p>\u00a0<\/p>\n<p data-path-to-node=\"29\">Siamo uno dei principali <code>aziende di sviluppo giochi in outsourcing<\/code> perch\u00e9 il nostro \u201cprodotto\u201d \u00e8 il nostro talento. Abbiamo un tasso di accettazione &lt;5% per i nostri ingegneri, che superano tutti un rigoroso processo di selezione in 5 fasi (soft-skills, colloquio tecnico, sfida live-code e screening di sicurezza). Il nostro pool di talenti ha competenze profonde e specializzate in:<\/p>\n<ul data-path-to-node=\"30\">\n<li>\n<p data-path-to-node=\"30,0,0\"><b>Programmazione del motore:<\/b> <code>Sviluppo di giochi Unity3D<\/code> (C#), <code>Sviluppo di giochi Unreal<\/code> (C++).<\/p>\n<\/li>\n<li>\n<p data-path-to-node=\"30,1,0\"><b>Sviluppo della piattaforma:<\/b> <code>Sviluppo di giochi per PC<\/code> (Steam\/Epic), <code>Sviluppo di giochi per console<\/code> (PS5, Xbox, Switch), e <code>Sviluppo di giochi per dispositivi mobili<\/code> (iOS\/Android).<\/p>\n<\/li>\n<li>\n<p data-path-to-node=\"30,2,0\"><b>Sistemi di gioco:<\/b> IA, Fisica, Combattimento, Loop fondamentali e <code>Sviluppo di giochi RPG<\/code> meccanica.<\/p>\n<\/li>\n<li>\n<p data-path-to-node=\"30,3,0\"><b>Ingegneria avanzata:<\/b> Multiplayer\/Rete, Servizi backend, Ottimizzazione e specializzati <code>Sviluppo di giochi Web3<\/code> (integrazione Blockchain\/NFT).<\/p>\n<\/li>\n<\/ul>\n<hr data-path-to-node=\"31\" \/>\n<p data-path-to-node=\"32\">\u00a0<\/p>\n<h3><b>Modelli di fidanzamento e pacchetti di prezzo<\/b><\/h3>\n<p>\u00a0<\/p>\n<p data-path-to-node=\"33\">Offriamo pacchetti di prezzi trasparenti e flessibili, progettati per soddisfare le vostre specifiche esigenze di assunzione. Tutti i pacchetti sono fatturati con una tariffa mensile fissa per sviluppatore, che comprende stipendio, benefit, tasse, hardware, licenze software e spese generali di gestione.<\/p>\n<p data-path-to-node=\"34\">\u00a0<\/p>\n<h4><b>Modello 1: Aumento del personale (assunzione individuale)<\/b><\/h4>\n<p>\u00a0<\/p>\n<p data-path-to-node=\"35\">Questo modello \u00e8 un talento \u201ca-la-carte\u201d, perfetto per colmare una specifica lacuna di competenze nel vostro team esistente o per accelerare una verticale chiave.<\/p>\n<ul data-path-to-node=\"36\">\n<li>\n<p data-path-to-node=\"36,0,0\"><b>Pacchetto A: Sviluppatore di medio livello (3-5+ anni di esperienza)<\/b><\/p>\n<ul data-path-to-node=\"36,0,1\">\n<li>\n<p data-path-to-node=\"36,0,1,0,0\"><b>Focus:<\/b> Il \u201ccavallo di battaglia\u201d del vostro team. Ideale per le funzioni di gioco, l'implementazione dell'interfaccia utente e lo sviluppo generale di C#\/C++.<\/p>\n<\/li>\n<li>\n<p data-path-to-node=\"36,0,1,1,0\"><b>Competenze:<\/b> Forte di un motore (Unity o Unreal), di sistemi di gioco generali, di bug-fixing.<\/p>\n<\/li>\n<li>\n<p data-path-to-node=\"36,0,1,2,0\"><b>Prezzo:<\/b> <b>$7.500 - $9.500 USD \/ mese<\/b> (per sviluppatore)<\/p>\n<\/li>\n<\/ul>\n<\/li>\n<li>\n<p data-path-to-node=\"36,1,0\"><b>Pacchetto B: Sviluppatore senior (6-10+ anni di esperienza)<\/b><\/p>\n<ul data-path-to-node=\"36,1,1\">\n<li>\n<p data-path-to-node=\"36,1,1,0,0\"><b>Focus:<\/b> Il \u201crisolutore di problemi\u201d. Pu\u00f2 progettare nuovi sistemi da zero, fare da mentore ai giovani sviluppatori e affrontare compiti complessi di ottimizzazione o intelligenza artificiale.<\/p>\n<\/li>\n<li>\n<p data-path-to-node=\"36,1,1,1,0\"><b>Competenze:<\/b> Profonda padronanza di un motore, architettura di sistemi avanzati, IA, networking, ottimizzazione, shader.<\/p>\n<\/li>\n<li>\n<p data-path-to-node=\"36,1,1,2,0\"><b>Prezzo:<\/b> <b>$9.500 - $13.000 USD \/ mese<\/b> (per sviluppatore)<\/p>\n<\/li>\n<\/ul>\n<\/li>\n<li>\n<p data-path-to-node=\"36,2,0\"><b>Pacchetto C: Ingegnere specialista\/principale (10+ anni di esperienza)<\/b><\/p>\n<ul data-path-to-node=\"36,2,1\">\n<li>\n<p data-path-to-node=\"36,2,1,0,0\"><b>Focus:<\/b> L\u201c\u201dunicorno\". Un esperto d'\u00e9lite in un campo altamente specializzato e richiesto.<\/p>\n<\/li>\n<li>\n<p data-path-to-node=\"36,2,1,1,0\"><b>Competenze:<\/b> Programmazione grafica (pipeline di rendering), networking avanzato (architettura server, CCU ad alto volume), <code>Sviluppo di giochi blockchain<\/code> (Contratti intelligenti, sicurezza), o <code>Sviluppo di giochi per console<\/code> (ottimizzazione TRC\/TCR).<\/p>\n<\/li>\n<li>\n<p data-path-to-node=\"36,2,1,2,0\"><b>Prezzo:<\/b> <b>$13.000 - $18.000+ USD \/ mese<\/b> (per sviluppatore, in base alla specializzazione)<\/p>\n<\/li>\n<\/ul>\n<\/li>\n<\/ul>\n<hr data-path-to-node=\"37\" \/>\n<p data-path-to-node=\"38\">\u00a0<\/p>\n<h4><b>Modello 2: Squadre di gioco dedicate (Pod gestiti)<\/b><\/h4>\n<p>\u00a0<\/p>\n<p data-path-to-node=\"39\">Questo modello \u00e8 una soluzione \u201cchiavi in mano\u201d. Forniamo un \u201cpod\u201d di sviluppatori preconfezionato, multidisciplinare e completamente gestito per possedere un'intera funzione, una verticale o persino un intero progetto di co-sviluppo. Il pod \u00e8 gestito dal nostro Lead interno, che riferisce direttamente a voi.<\/p>\n<ul data-path-to-node=\"40\">\n<li>\n<p data-path-to-node=\"40,0,0\"><b>Pacchetto A: la \u201csquadra d'assalto\u201d<\/b><\/p>\n<ul data-path-to-node=\"40,0,1\">\n<li>\n<p data-path-to-node=\"40,0,1,0,0\"><b>Ideale per:<\/b> Costruire una verticale di gioco completa e complessa (ad esempio, \u201cl'intero sistema di inventario, artigianato e missioni\u201d).<\/p>\n<\/li>\n<li>\n<p data-path-to-node=\"40,0,1,1,0\"><b>Composizione del team:<\/b><\/p>\n<ul data-path-to-node=\"40,0,1,1,1\">\n<li>\n<p data-path-to-node=\"40,0,1,1,1,0,0\">1 x Sviluppatore leader senior (agisce come POC principale)<\/p>\n<\/li>\n<li>\n<p data-path-to-node=\"40,0,1,1,1,1,0\">2 x Sviluppatori di medio livello<\/p>\n<\/li>\n<li>\n<p data-path-to-node=\"40,0,1,1,1,2,0\">1 x Sviluppatore Junior<\/p>\n<\/li>\n<li>\n<p data-path-to-node=\"40,0,1,1,1,3,0\">1 x Ingegnere QA dedicato<\/p>\n<\/li>\n<\/ul>\n<\/li>\n<li>\n<p data-path-to-node=\"40,0,1,2,0\"><b>Prezzo:<\/b> <b>$28.000 - $35.000 USD \/ mese<\/b> (per l'intera capsula da 5 persone)<\/p>\n<\/li>\n<\/ul>\n<\/li>\n<li>\n<p data-path-to-node=\"40,1,0\"><b>Pacchetto B: la \u201cSquadra di co-sviluppo\u201d<\/b><\/p>\n<ul data-path-to-node=\"40,1,1\">\n<li>\n<p data-path-to-node=\"40,1,1,0,0\"><b>Ideale per:<\/b> Completo <code>Outsourcing dello sviluppo di giochi<\/code>. Questa squadra pu\u00f2 costruire un intero gioco o un gioco su larga scala. <code>Gioco Battle Royale<\/code> modalit\u00e0 da zero, in collaborazione con il vostro team creativo di base.<\/p>\n<\/li>\n<li>\n<p data-path-to-node=\"40,1,1,1,0\"><b>Composizione del team:<\/b><\/p>\n<ul data-path-to-node=\"40,1,1,1,1\">\n<li>\n<p data-path-to-node=\"40,1,1,1,1,0,0\">1 x Principal Architect \/ Lead (gestisce il pod)<\/p>\n<\/li>\n<li>\n<p data-path-to-node=\"40,1,1,1,1,1,0\">2 x Sviluppatori Senior (ad esempio, 1x Sistemi, 1x AI\/Rete)<\/p>\n<\/li>\n<li>\n<p data-path-to-node=\"40,1,1,1,1,2,0\">3 sviluppatori di medio livello<\/p>\n<\/li>\n<li>\n<p data-path-to-node=\"40,1,1,1,1,3,0\">1 x <code>UI\/UX del gioco<\/code> Attuatore<\/p>\n<\/li>\n<li>\n<p data-path-to-node=\"40,1,1,1,1,4,0\">2 x Ingegneri QA dedicati<\/p>\n<\/li>\n<\/ul>\n<\/li>\n<li>\n<p data-path-to-node=\"40,1,1,2,0\"><b>Prezzo:<\/b> <b>$55.000 - $70.000 USD \/ mese<\/b> (per l'intero gruppo di 9 persone)<\/p>\n<\/li>\n<\/ul>\n<\/li>\n<\/ul>\n<p data-path-to-node=\"41\">\u00a0<\/p>\n<h3><b>Conclusione: Scalare in modo intelligente, scalare velocemente<\/b><\/h3>\n<p>\u00a0<\/p>\n<p data-path-to-node=\"42\">Smettete di lasciare che il collo di bottiglia del reclutamento rallenti la vostra visione. Smettete di rischiare la vostra PI con l'outsourcing \u201ca scatola nera\u201d. Il nostro <code>Squadre di gioco dedicate<\/code> vi fornisce la potenza ingegneristica di livello mondiale, integrata e scalabile di cui avete bisogno, esattamente quando ne avete bisogno. Noi ci occupiamo del reclutamento, della logistica e della sicurezza, in modo che possiate concentrarvi su una sola cosa: creare un grande gioco.<\/p>\n<p data-path-to-node=\"43\">Contattate il nostro team di soluzioni oggi stesso per ottenere un preventivo personalizzato ed esaminare i portafogli dei nostri prodotti disponibili. <code>Sviluppatori di giochi a distanza<\/code>.<\/p>","protected":false},"excerpt":{"rendered":"<p>The Dedicated Team Model: Hiring Remote Game Developers &amp; Programmers \u00a0 \u00a0 Introduction: Beyond Outsourcing \u2013 Talent as a Service [&hellip;]<\/p>","protected":false},"featured_media":16,"comment_status":"open","ping_status":"closed","template":"","meta":{"site-sidebar-layout":"default","site-content-layout":"","ast-site-content-layout":"default","site-content-style":"default","site-sidebar-style":"default","ast-global-header-display":"","ast-banner-title-visibility":"","ast-main-header-display":"","ast-hfb-above-header-display":"","ast-hfb-below-header-display":"","ast-hfb-mobile-header-display":"","site-post-title":"","ast-breadcrumbs-content":"","ast-featured-img":"","footer-sml-layout":"","ast-disable-related-posts":"","theme-transparent-header-meta":"","adv-header-id-meta":"","stick-header-meta":"","header-above-stick-meta":"","header-main-stick-meta":"","header-below-stick-meta":"","astra-migrate-meta-layouts":"default","ast-page-background-enabled":"default","ast-page-background-meta":{"desktop":{"background-color":"var(--ast-global-color-5)","background-image":"","background-repeat":"repeat","background-position":"center center","background-size":"auto","background-attachment":"scroll","background-type":"","background-media":"","overlay-type":"","overlay-color":"","overlay-opacity":"","overlay-gradient":""},"tablet":{"background-color":"","background-image":"","background-repeat":"repeat","background-position":"center center","background-size":"auto","background-attachment":"scroll","background-type":"","background-media":"","overlay-type":"","overlay-color":"","overlay-opacity":"","overlay-gradient":""},"mobile":{"background-color":"","background-image":"","background-repeat":"repeat","background-position":"center center","background-size":"auto","background-attachment":"scroll","background-type":"","background-media":"","overlay-type":"","overlay-color":"","overlay-opacity":"","overlay-gradient":""}},"ast-content-background-meta":{"desktop":{"background-color":"var(--ast-global-color-4)","background-image":"","background-repeat":"repeat","background-position":"center center","background-size":"auto","background-attachment":"scroll","background-type":"","background-media":"","overlay-type":"","overlay-color":"","overlay-opacity":"","overlay-gradient":""},"tablet":{"background-color":"var(--ast-global-color-4)","background-image":"","background-repeat":"repeat","background-position":"center center","background-size":"auto","background-attachment":"scroll","background-type":"","background-media":"","overlay-type":"","overlay-color":"","overlay-opacity":"","overlay-gradient":""},"mobile":{"background-color":"var(--ast-global-color-4)","background-image":"","background-repeat":"repeat","background-position":"center center","background-size":"auto","background-attachment":"scroll","background-type":"","background-media":"","overlay-type":"","overlay-color":"","overlay-opacity":"","overlay-gradient":""}}},"product_brand":[],"product_cat":[20],"product_tag":[],"class_list":{"0":"post-2235","1":"product","2":"type-product","3":"status-publish","4":"has-post-thumbnail","6":"product_cat-20","7":"desktop-align-left","8":"tablet-align-left","9":"mobile-align-left","11":"first","12":"instock","13":"shipping-taxable","14":"purchasable","15":"product-type-simple"},"yoast_head":"<!-- This site is optimized with the Yoast SEO plugin v26.6 - https:\/\/yoast.com\/wordpress\/plugins\/seo\/ -->\n<title>Wireframing And Prototyping Services for European Studios - End-to-End Service - Game Art Design Services | Game UX Specialists | UX UI for Gaming | Game Development Outsourcing<\/title>\n<meta name=\"robots\" content=\"index, follow, max-snippet:-1, max-image-preview:large, max-video-preview:-1\" \/>\n<link rel=\"canonical\" href=\"https:\/\/diamondcostcalculator.co.uk\/it\/product\/wireframing-and-prototyping-services-for-european-studios-end-to-end-service\/\" \/>\n<meta property=\"og:locale\" content=\"it_IT\" \/>\n<meta property=\"og:type\" content=\"article\" \/>\n<meta property=\"og:title\" content=\"Wireframing And Prototyping Services for European Studios - End-to-End Service - Game Art Design Services | Game UX Specialists | UX UI for Gaming | Game Development Outsourcing\" \/>\n<meta property=\"og:description\" content=\"The Dedicated Team Model: Hiring Remote Game Developers &amp; Programmers \u00a0 \u00a0 Introduction: Beyond Outsourcing \u2013 Talent as a Service [&hellip;]\" \/>\n<meta property=\"og:url\" content=\"https:\/\/diamondcostcalculator.co.uk\/it\/product\/wireframing-and-prototyping-services-for-european-studios-end-to-end-service\/\" \/>\n<meta property=\"og:site_name\" content=\"Game Art Design | Game UX Specialists | UX UI for Gaming | Game Development Outsourcing\" \/>\n<meta property=\"article:modified_time\" content=\"2025-11-16T09:33:04+00:00\" \/>\n<meta property=\"og:image\" content=\"https:\/\/diamondcostcalculator.co.uk\/wp-content\/uploads\/2025\/11\/AAA-Game-Art.jpg\" \/>\n\t<meta property=\"og:image:width\" content=\"1024\" \/>\n\t<meta property=\"og:image:height\" content=\"1024\" \/>\n\t<meta property=\"og:image:type\" content=\"image\/jpeg\" \/>\n<meta name=\"twitter:card\" content=\"summary_large_image\" \/>\n<meta name=\"twitter:label1\" content=\"Tempo di lettura stimato\" \/>\n\t<meta name=\"twitter:data1\" content=\"5 minuti\" \/>\n<script type=\"application\/ld+json\" class=\"yoast-schema-graph\">{\"@context\":\"https:\/\/schema.org\",\"@graph\":[{\"@type\":\"WebPage\",\"@id\":\"https:\/\/diamondcostcalculator.co.uk\/it\/product\/wireframing-and-prototyping-services-for-european-studios-end-to-end-service\/\",\"url\":\"https:\/\/diamondcostcalculator.co.uk\/it\/product\/wireframing-and-prototyping-services-for-european-studios-end-to-end-service\/\",\"name\":\"Wireframing And Prototyping Services for European Studios - End-to-End Service - Game Art Design Services | Game UX Specialists | UX UI for Gaming | Game Development Outsourcing\",\"isPartOf\":{\"@id\":\"https:\/\/diamondcostcalculator.co.uk\/#website\"},\"primaryImageOfPage\":{\"@id\":\"https:\/\/diamondcostcalculator.co.uk\/it\/product\/wireframing-and-prototyping-services-for-european-studios-end-to-end-service\/#primaryimage\"},\"image\":{\"@id\":\"https:\/\/diamondcostcalculator.co.uk\/it\/product\/wireframing-and-prototyping-services-for-european-studios-end-to-end-service\/#primaryimage\"},\"thumbnailUrl\":\"https:\/\/diamondcostcalculator.co.uk\/wp-content\/uploads\/2025\/11\/AAA-Game-Art.jpg\",\"datePublished\":\"2025-11-16T09:10:27+00:00\",\"dateModified\":\"2025-11-16T09:33:04+00:00\",\"breadcrumb\":{\"@id\":\"https:\/\/diamondcostcalculator.co.uk\/it\/product\/wireframing-and-prototyping-services-for-european-studios-end-to-end-service\/#breadcrumb\"},\"inLanguage\":\"it-IT\",\"potentialAction\":[{\"@type\":\"ReadAction\",\"target\":[\"https:\/\/diamondcostcalculator.co.uk\/it\/product\/wireframing-and-prototyping-services-for-european-studios-end-to-end-service\/\"]}]},{\"@type\":\"ImageObject\",\"inLanguage\":\"it-IT\",\"@id\":\"https:\/\/diamondcostcalculator.co.uk\/it\/product\/wireframing-and-prototyping-services-for-european-studios-end-to-end-service\/#primaryimage\",\"url\":\"https:\/\/diamondcostcalculator.co.uk\/wp-content\/uploads\/2025\/11\/AAA-Game-Art.jpg\",\"contentUrl\":\"https:\/\/diamondcostcalculator.co.uk\/wp-content\/uploads\/2025\/11\/AAA-Game-Art.jpg\",\"width\":1024,\"height\":1024},{\"@type\":\"BreadcrumbList\",\"@id\":\"https:\/\/diamondcostcalculator.co.uk\/it\/product\/wireframing-and-prototyping-services-for-european-studios-end-to-end-service\/#breadcrumb\",\"itemListElement\":[{\"@type\":\"ListItem\",\"position\":1,\"name\":\"Home\",\"item\":\"https:\/\/diamondcostcalculator.co.uk\/es\/\"},{\"@type\":\"ListItem\",\"position\":2,\"name\":\"Shop\",\"item\":\"https:\/\/diamondcostcalculator.co.uk\/es\/\"},{\"@type\":\"ListItem\",\"position\":3,\"name\":\"Wireframing And Prototyping Services for European Studios &#8211; End-to-End Service\"}]},{\"@type\":\"WebSite\",\"@id\":\"https:\/\/diamondcostcalculator.co.uk\/#website\",\"url\":\"https:\/\/diamondcostcalculator.co.uk\/\",\"name\":\"Game Art Design | Game UX Specialists | UX UI for Gaming | Game Development Outsourcing\",\"description\":\"Game Art Design Services | Game UX Specialists | UX UI for Gaming | Game Development Outsourcing\",\"potentialAction\":[{\"@type\":\"SearchAction\",\"target\":{\"@type\":\"EntryPoint\",\"urlTemplate\":\"https:\/\/diamondcostcalculator.co.uk\/?s={search_term_string}\"},\"query-input\":{\"@type\":\"PropertyValueSpecification\",\"valueRequired\":true,\"valueName\":\"search_term_string\"}}],\"inLanguage\":\"it-IT\"}]}<\/script>\n<!-- \/ Yoast SEO plugin. -->","yoast_head_json":{"title":"Wireframing And Prototyping Services for European Studios - End-to-End Service - Game Art Design Services | Game UX Specialists | UX UI for Gaming | Game Development Outsourcing","robots":{"index":"index","follow":"follow","max-snippet":"max-snippet:-1","max-image-preview":"max-image-preview:large","max-video-preview":"max-video-preview:-1"},"canonical":"https:\/\/diamondcostcalculator.co.uk\/it\/product\/wireframing-and-prototyping-services-for-european-studios-end-to-end-service\/","og_locale":"it_IT","og_type":"article","og_title":"Wireframing And Prototyping Services for European Studios - End-to-End Service - Game Art Design Services | Game UX Specialists | UX UI for Gaming | Game Development Outsourcing","og_description":"The Dedicated Team Model: Hiring Remote Game Developers &amp; Programmers \u00a0 \u00a0 Introduction: Beyond Outsourcing \u2013 Talent as a Service [&hellip;]","og_url":"https:\/\/diamondcostcalculator.co.uk\/it\/product\/wireframing-and-prototyping-services-for-european-studios-end-to-end-service\/","og_site_name":"Game Art Design | Game UX Specialists | UX UI for Gaming | Game Development Outsourcing","article_modified_time":"2025-11-16T09:33:04+00:00","og_image":[{"width":1024,"height":1024,"url":"https:\/\/diamondcostcalculator.co.uk\/wp-content\/uploads\/2025\/11\/AAA-Game-Art.jpg","type":"image\/jpeg"}],"twitter_card":"summary_large_image","twitter_misc":{"Tempo di lettura stimato":"5 minuti"},"schema":{"@context":"https:\/\/schema.org","@graph":[{"@type":"WebPage","@id":"https:\/\/diamondcostcalculator.co.uk\/it\/product\/wireframing-and-prototyping-services-for-european-studios-end-to-end-service\/","url":"https:\/\/diamondcostcalculator.co.uk\/it\/product\/wireframing-and-prototyping-services-for-european-studios-end-to-end-service\/","name":"Wireframing And Prototyping Services for European Studios - End-to-End Service - Game Art Design Services | Game UX Specialists | UX UI for Gaming | Game Development Outsourcing","isPartOf":{"@id":"https:\/\/diamondcostcalculator.co.uk\/#website"},"primaryImageOfPage":{"@id":"https:\/\/diamondcostcalculator.co.uk\/it\/product\/wireframing-and-prototyping-services-for-european-studios-end-to-end-service\/#primaryimage"},"image":{"@id":"https:\/\/diamondcostcalculator.co.uk\/it\/product\/wireframing-and-prototyping-services-for-european-studios-end-to-end-service\/#primaryimage"},"thumbnailUrl":"https:\/\/diamondcostcalculator.co.uk\/wp-content\/uploads\/2025\/11\/AAA-Game-Art.jpg","datePublished":"2025-11-16T09:10:27+00:00","dateModified":"2025-11-16T09:33:04+00:00","breadcrumb":{"@id":"https:\/\/diamondcostcalculator.co.uk\/it\/product\/wireframing-and-prototyping-services-for-european-studios-end-to-end-service\/#breadcrumb"},"inLanguage":"it-IT","potentialAction":[{"@type":"ReadAction","target":["https:\/\/diamondcostcalculator.co.uk\/it\/product\/wireframing-and-prototyping-services-for-european-studios-end-to-end-service\/"]}]},{"@type":"ImageObject","inLanguage":"it-IT","@id":"https:\/\/diamondcostcalculator.co.uk\/it\/product\/wireframing-and-prototyping-services-for-european-studios-end-to-end-service\/#primaryimage","url":"https:\/\/diamondcostcalculator.co.uk\/wp-content\/uploads\/2025\/11\/AAA-Game-Art.jpg","contentUrl":"https:\/\/diamondcostcalculator.co.uk\/wp-content\/uploads\/2025\/11\/AAA-Game-Art.jpg","width":1024,"height":1024},{"@type":"BreadcrumbList","@id":"https:\/\/diamondcostcalculator.co.uk\/it\/product\/wireframing-and-prototyping-services-for-european-studios-end-to-end-service\/#breadcrumb","itemListElement":[{"@type":"ListItem","position":1,"name":"Home","item":"https:\/\/diamondcostcalculator.co.uk\/es\/"},{"@type":"ListItem","position":2,"name":"Shop","item":"https:\/\/diamondcostcalculator.co.uk\/es\/"},{"@type":"ListItem","position":3,"name":"Wireframing And Prototyping Services for European Studios &#8211; End-to-End Service"}]},{"@type":"WebSite","@id":"https:\/\/diamondcostcalculator.co.uk\/#website","url":"https:\/\/diamondcostcalculator.co.uk\/","name":"Game Art Design | Specialisti in UX dei giochi | UX UI per il gioco | Outsourcing dello sviluppo dei giochi","description":"Servizi di game art design | Specialisti in UX dei giochi | UX UI per i giochi | Outsourcing dello sviluppo dei giochi","potentialAction":[{"@type":"SearchAction","target":{"@type":"EntryPoint","urlTemplate":"https:\/\/diamondcostcalculator.co.uk\/?s={search_term_string}"},"query-input":{"@type":"PropertyValueSpecification","valueRequired":true,"valueName":"search_term_string"}}],"inLanguage":"it-IT"}]}},"_links":{"self":[{"href":"https:\/\/diamondcostcalculator.co.uk\/it\/wp-json\/wp\/v2\/product\/2235","targetHints":{"allow":["GET"]}}],"collection":[{"href":"https:\/\/diamondcostcalculator.co.uk\/it\/wp-json\/wp\/v2\/product"}],"about":[{"href":"https:\/\/diamondcostcalculator.co.uk\/it\/wp-json\/wp\/v2\/types\/product"}],"replies":[{"embeddable":true,"href":"https:\/\/diamondcostcalculator.co.uk\/it\/wp-json\/wp\/v2\/comments?post=2235"}],"wp:featuredmedia":[{"embeddable":true,"href":"https:\/\/diamondcostcalculator.co.uk\/it\/wp-json\/wp\/v2\/media\/16"}],"wp:attachment":[{"href":"https:\/\/diamondcostcalculator.co.uk\/it\/wp-json\/wp\/v2\/media?parent=2235"}],"wp:term":[{"taxonomy":"product_brand","embeddable":true,"href":"https:\/\/diamondcostcalculator.co.uk\/it\/wp-json\/wp\/v2\/product_brand?post=2235"},{"taxonomy":"product_cat","embeddable":true,"href":"https:\/\/diamondcostcalculator.co.uk\/it\/wp-json\/wp\/v2\/product_cat?post=2235"},{"taxonomy":"product_tag","embeddable":true,"href":"https:\/\/diamondcostcalculator.co.uk\/it\/wp-json\/wp\/v2\/product_tag?post=2235"}],"curies":[{"name":"wp","href":"https:\/\/api.w.org\/{rel}","templated":true}]}}